{"id":11897,"date":"2020-10-07T22:43:34","date_gmt":"2020-10-07T21:43:34","guid":{"rendered":"https:\/\/dress-ecode.com\/brand-e-attivita\/"},"modified":"2026-01-19T21:02:04","modified_gmt":"2026-01-19T20:02:04","slug":"brands-and-businesses","status":"publish","type":"page","link":"https:\/\/dress-ecode.com\/en\/brands-and-businesses\/","title":{"rendered":"Brands and designers"},"content":{"rendered":"\n\n\t<h4>IMPROVE THE PROSPERITY AND WELL-BEING OF YOUR BRAND (AND OF THE PLANET)<\/h4>\n\t<p><img loading=\"lazy\" decoding=\"async\" src=\"https:\/\/dress-ecode.com\/wp-content\/uploads\/2020\/10\/Icona-foglia-e-maglietta-verde-azzurro.png\" alt=\"\" width=\"73\" height=\"40\" \/>We share your passion for sustainability and want to help you turn your vision into reality. Here&#8217;s how we can work together:<\/p>\n\t<p>Sustainability may seem like an ambitious goal to achieve. Wondering how to <strong>balance creativity with economics?<\/strong><\/p>\n<p>We&#8217;re here to help you turn your creative vision into a successful, sustainable fashion brand.<\/p>\n<p>Together we can overcome any obstacle,<strong> maintaining the integrity of your style and achieving positive financial results<\/strong>.<\/p>\n\t\t\t\t<img loading=\"lazy\" decoding=\"async\" src=\"https:\/\/dress-ecode.com\/wp-content\/uploads\/2023\/12\/moda-sostenibile-brand.jpeg\" alt=\"moda sostenibile brand\" itemprop=\"image\" height=\"300\" width=\"500\" title=\"moda sostenibile brand\" onerror=\"this.style.display='none'\"  \/>\n\t\t\t<a href=\"https:\/\/mailchi.mp\/a946fecf26c3\/sustainablecollection\" target=\"_blank\" rel=\"noopener\">\n\t\t\t\t\t\t\tFIND OUT HOW WE MAKE YOUR VISION REAL\n\t\t\t<\/a>\n\t\t\t\t<a href=\"https:\/\/mailchi.mp\/a946fecf26c3\/sustainablecollection\" target=\"_blank\" rel=\"noopener\"  itemprop=\"url\">\n\t\t\t\t<img loading=\"lazy\" decoding=\"async\" src=\"https:\/\/dress-ecode.com\/wp-content\/uploads\/2024\/06\/sustainable-collection-fashion.jpg\" alt=\"sustainable collection fashion\" itemprop=\"image\" height=\"1080\" width=\"1080\" title=\"sustainable collection fashion\" onerror=\"this.style.display='none'\"  \/>\n\t\t\t\t<\/a>\n\t\t\t\t<img loading=\"lazy\" decoding=\"async\" src=\"https:\/\/dress-ecode.com\/wp-content\/uploads\/2023\/12\/10.jpg\" alt=\"10\" itemprop=\"image\" height=\"1080\" width=\"1080\" title=\"10\" onerror=\"this.style.display='none'\"  \/>\n\t<p><strong>LAUNCH OR IMPROVE YOUR ETHICAL FASHION BRAND<\/strong><\/p>\n\t<ul>\n<li>Create a <strong>consistent and credible brand<\/strong><\/li>\n<li><strong>Improve the<\/strong> social and environmental <strong>impact <\/strong>with economic sustainability<\/li>\n<\/ul>\n\t\t\t\t<img loading=\"lazy\" decoding=\"async\" src=\"https:\/\/dress-ecode.com\/wp-content\/uploads\/2023\/12\/11.jpg\" alt=\"11\" itemprop=\"image\" height=\"1080\" width=\"1080\" title=\"11\" onerror=\"this.style.display='none'\"  \/>\n\t<p>COMMUNICATE YOUR COMMITMENT WITH CREDIBILITY<\/p>\n\t<ul>\n<li><strong>Avoid greenwashing: <\/strong>make your offer and your social and environmental commitment known by building credibility<\/li>\n<\/ul>\n\t\t\t\t<img loading=\"lazy\" decoding=\"async\" src=\"https:\/\/dress-ecode.com\/wp-content\/uploads\/2023\/12\/12.jpg\" alt=\"12\" itemprop=\"image\" height=\"1080\" width=\"1080\" title=\"12\" onerror=\"this.style.display='none'\"  \/>\n\t<p>ENGAGE EMPLOYEES IN SUSTAINABILITY<\/p>\n\t<ul>\n<li>Involve your team or employees on sustainability issues: <strong>they represent your brand&#8217;s commitment to the outside world<\/strong><\/li>\n<\/ul>\n\t\t\t\t<img loading=\"lazy\" decoding=\"async\" src=\"https:\/\/dress-ecode.com\/wp-content\/uploads\/2023\/12\/13.jpg\" alt=\"13\" itemprop=\"image\" height=\"1080\" width=\"1080\" title=\"13\" onerror=\"this.style.display='none'\"  \/>\n\t<p>EDUCATE STORE MANAGERS, PRESS AND INFLUENCERS<\/p>\n\t<ul>\n<li>Train people in contact with your audience to <strong>talk about the sustainability aspects <\/strong>of your products and their impact<\/li>\n<\/ul>\n\t<p>&nbsp;<\/p>\n<p>&nbsp;<\/p>\n\t\t\t<a href=\"https:\/\/calendly.com\/dress_ecode1\/primaconsulenza\" target=\"_blank\" rel=\"noopener\">\n\t\t\t\t\t\t\tREALIZE YOUR IDEA NOW\n\t\t\t<\/a>\n\t<p>We do not give standard solutions. Instead, we work with each client to understand specific needs, goals and values. We develop <strong>a strategy that is unique <\/strong>to your target audience, your industry and your vision of sustainability. Every project has its time and its value.<\/p>\n\t\t\t\t<img loading=\"lazy\" decoding=\"async\" src=\"https:\/\/dress-ecode.com\/wp-content\/uploads\/2023\/12\/consulenza-moda-sostenibile.jpg\" alt=\"consulenza moda sostenibile\" itemprop=\"image\" height=\"387\" width=\"600\" title=\"consulenza moda sostenibile\" onerror=\"this.style.display='none'\"  \/>\n\t\t\t<h2>ETHICS<\/h2>\t\t\n\t\t\t<h2>PROFESSIONALISM<\/h2>\t\t\n\t\t\t<h2>QUALITY<\/h2>\t\t\n\t\t\t<h2>CREATIVITY<\/h2>\t\t\n\t<p><strong>FASHION DESIGNERS AND MICRO-BUSINESSES:<\/strong><\/p>\n<p>We love helping small brands grow! If you are among these (up to 10 employees and a turnover of less than 2 million euros) here is what we have reserved for you in 2024:<\/p>\n\t<p><strong>60 MINUTES FOR YOU<\/strong><\/p>\n<p>Dedicate 60 minutes to yourself, to your project to realize, to your brand to improve, to your dream to make real.<\/p>\n<p>Describe the details and receive a precise vision of the focus points, advice on where to start and what steps to take to achieve your goal. It&#8217;s the opportunity to find out if we are the ideal partner to turn your project into reality.<\/p>\n<p>The First Consultation is at a promotional rate, as a sign of our commitment to supporting your first steps towards success.<\/p>\n<p><strong>It all begins with a first step: start your project!<\/strong><\/p>\n\t\n\t\t\t<a href=\"https:\/\/calendly.com\/dress_ecode1\/primaconsulenza\" target=\"_blank\" rel=\"noopener\">\n\t\t\t\t\t\t\tMAKE YOUR VISION REAL: START NOW\n\t\t\t\t\t<\/a>\n\t<p><strong>STEP BY STEP<\/strong><\/p>\n<p>All the support on the path to realizing your idea in sustainable fashion: we will help you prepare a coherent, credible and working business model step by step.<\/p>\n<p>We guide you in analyzing activities, defining sustainable objectives and reviewing the business model.<\/p>\n<p>It includes:<\/p>\n<ul>\n<li><strong>6 or 12 one-hour 1:1 video calls<\/strong><\/li>\n<\/ul>\n<p>in 3\/6\/12 months based on your pace (max in 12 months)<\/p>\n<p><strong>Don&#8217;t wait any longer: activate the change in fashion with your brand<\/strong><\/p>\n\t<p>6 or 12 steps in video call<\/p>\n\t\t\t<a href=\"https:\/\/us20.list-manage.com\/contact-form?u=05fbd46aa4e2a7e7b8df0701b&#038;form_id=5d327dd87c9ca78d3301d63235657b2a\" target=\"_blank\" rel=\"noopener\">\n\t\t\t\t\t\t\tDISCOVER THE PATH TO REALIZE YOUR IDEA\n\t\t\t\t\t<\/a>\n\t<p><strong>FROM IDEA TO REALITY<\/strong><\/p>\n<p>We take care of the design of your idea, clearly stating in black and white to make it work. You think about creativity, we think about the managerial aspect of your creative vision. You will be involved in the process of output creating, so that you can continue independently.<\/p>\n<p>It includes:<\/p>\n<ul>\n<li><strong>business model<\/strong><\/li>\n<li><strong>roadmap<\/strong> &#8211; tailor-made action plan and strategic directions<\/li>\n<li><b>6 one-hour 1:1 video calls<\/b><\/li>\n<\/ul>\n<p>We prepare the business model and the action plan for you. <strong>Start turning your creative dream into reality today.<\/strong><\/p>\n\t<p>6 steps+plan+business model<\/p>\n\t\t\t<a href=\"https:\/\/us20.list-manage.com\/contact-form?u=05fbd46aa4e2a7e7b8df0701b&#038;form_id=5d327dd87c9ca78d3301d63235657b2a\" target=\"_blank\" rel=\"noopener\">\n\t\t\t\t\t\t\tHOW MUCH IS IT WORTH TO REALIZE YOUR DREAM?\n\t\t\t\t\t<\/a>\n\t<p><strong>SMEs AND LARGE COMPANIES:<\/strong><\/p>\n\t<p><a href=\"https:\/\/calendly.com\/dress_ecode1\/primaconsulenza\"><u>Book the first step to realize your vision<\/u><\/a>:\u00a0tell us your company&#8217;s goals and challenges and receive a precise vision of the points to focus on. Let&#8217;s plan together the time, path and value to make it a reality and<strong>\u00a0improve the prosperity of your brand and the planet.<\/strong><\/p>\n<p>Do you want to know more about the path? <a href=\"https:\/\/us20.list-manage.com\/contact-form?u=05fbd46aa4e2a7e7b8df0701b&amp;form_id=5d327dd87c9ca78d3301d63235657b2a\"><u>\u00a0Click here to talk to us<\/u><\/a>.<\/p>\n\t\t\t\t<a href=\"https:\/\/mailchi.mp\/4afaa97a430d\/magazine-moda-sostenibilita\" target=\"_blank\" rel=\"noopener\"  itemprop=\"url\">\n\t\t\t\t<img loading=\"lazy\" decoding=\"async\" src=\"https:\/\/dress-ecode.com\/wp-content\/uploads\/2023\/12\/magazine-moda-sostenibile.jpeg\" alt=\"magazine moda sostenibile\" itemprop=\"image\" height=\"1080\" width=\"1080\" title=\"magazine moda sostenibile\" onerror=\"this.style.display='none'\"  \/>\n\t\t\t\t<\/a>\n\t<p><a href=\"https:\/\/mailchi.mp\/4afaa97a430d\/magazine-moda-sostenibilita\">THE FREE E-MAGAZINE<\/a><\/p>\n<p>Conscious Style, Designers, case studies, eco-friendly events and news in conscious fashion (in Italian)<\/p>\n\t\t\t<a href=\"https:\/\/mailchi.mp\/4afaa97a430d\/magazine-moda-sostenibilita\" target=\"_blank\" rel=\"noopener\">\n\t\t\t\t\t\t\tSUBSCRIBE\n\t\t\t\t\t<\/a>\n\t\t\t\t<a href=\"https:\/\/www.amazon.it\/New-Fashion-Superare-sostenibilit\u00e0-essere\/dp\/1446792722\/ref=sr_1_1?__mk_it_IT=\u00c5M\u00c5\u017d\u00d5\u00d1&#038;crid=2UHJWC4CKOKD3&#038;keywords=New+Fashion+-+Superare+le+sfide+della+sostenibilit\u00e0&#038;qid=1700083610&#038;s=books&#038;sprefix=new+fashion+-+superare+le+sfide+della+sostenibilit\u00e0+%2Cstripbooks%2C200&#038;sr=1-1\" target=\"_blank\" rel=\"noopener\"  itemprop=\"url\">\n\t\t\t\t<img loading=\"lazy\" decoding=\"async\" src=\"https:\/\/dress-ecode.com\/wp-content\/uploads\/2023\/12\/libro-moda-sostenibile-1-600x600.jpeg\" alt=\"libro moda sostenibile\" itemprop=\"image\" height=\"600\" width=\"600\" title=\"libro moda sostenibile\" onerror=\"this.style.display='none'\"  \/>\n\t\t\t\t<\/a>\n\t<p><a href=\"https:\/\/www.amazon.it\/New-Fashion-Superare-sostenibilit\u00e0-essere\/dp\/1446792722\/ref=sr_1_1?__mk_it_IT=\u00c5M\u00c5\u017d\u00d5\u00d1&amp;crid=2UHJWC4CKOKD3&amp;keywords=New+Fashion+-+Superare+le+sfide+della+sostenibilit\u00e0&amp;qid=1700083610&amp;s=books&amp;sprefix=new+fashion+-+superare+le+sfide+della+sostenibilit\u00e0+%2Cstripbooks%2C200&amp;sr=1-1\">THE BOOK<\/a><\/p>\n<p>The challenges for those who want to be protagonists of a new era of fashion and the ideas for overcoming them (in Italian)<\/p>\n\t\t\t<a href=\"https:\/\/mailchi.mp\/7283009743dc\/newfashionsostenibilita?fbclid=IwAR366J4u5gxoYWTqyKSfbIJb2ML3MyTyI2mWP3J3Yr1AGDVh1_-2v1gSoek\" target=\"_blank\" rel=\"noopener\">\n\t\t\t\t\t\t\tBUY\n\t\t\t\t\t<\/a>\n\t\t\t\t<a href=\"https:\/\/dress-ecode.com\/information\/\" target=\"_blank\" rel=\"noopener\"  itemprop=\"url\">\n\t\t\t\t<img loading=\"lazy\" decoding=\"async\" src=\"https:\/\/dress-ecode.com\/wp-content\/uploads\/2023\/12\/news-moda-sostenibile-new.gif\" alt=\"news moda sostenibile new\" itemprop=\"image\" height=\"600\" width=\"600\" title=\"news moda sostenibile new\" onerror=\"this.style.display='none'\"  \/>\n\t\t\t\t<\/a>\n\t<p><a href=\"https:\/\/dress-ecode.com\/information\/\">THE ARTICLES<\/a><\/p>\n<p>Reliable source, independent and free to tell how things are, with \u00a0serious knowledge on sustainability<\/p>\n\t\t\t<a href=\"https:\/\/dress-ecode.com\/information\/\" target=\"_blank\" rel=\"noopener\">\n\t\t\t\t\t\t\tREAD\n\t\t\t\t\t<\/a>\n\t\t\t\t<img loading=\"lazy\" decoding=\"async\" src=\"https:\/\/dress-ecode.com\/wp-content\/uploads\/2023\/12\/Arianna-De-Biasi.jpeg\" alt=\"Arianna De Biasi\" itemprop=\"image\" height=\"940\" width=\"788\" title=\"Arianna De Biasi\" onerror=\"this.style.display='none'\"  \/>\n\t<p><em>&#8220;I combined Human Resources + Sustainability + Strategy + Writing in a mix of experiences and skills that allow to see things in a new and innovative way.<\/em><\/p>\n<p><em>I support brands in change projects. I bring order, concreteness and coherence to business ideas, I outline sustainability strategies, I find more ethical and ecological solutions and materials.<\/em><\/p>\n\t<p><em>I write &#8216;greenly&#8217;. I find the right words to talk about sustainability. I spread the principles of ethical and ecological fashion. I tirelessly explore the world of fashion and sustainability. I research and analyze data on the sector.<\/em><\/p>\n<p><em>Together with a team of professionals, whom I carefully select, with expertise in sustainability, I carry out the projects described above&#8221;.<\/em><\/p>\n\t<p>Arianna De Biasi, degree from Bocconi, Master in Business Administration (MBA) in sustainable fashion management at SUMAS, and certification in Sustainable Business Strategy from Harvard Business School. After a long experience in large companies as a management consultant in human resources, she added care for the environment to her interest in people, giving life to the Dress ECOde project and the Pop-up Green podcast.<\/p>\n\t<p><img loading=\"lazy\" decoding=\"async\" title=\"separatorefoglia\" src=\"https:\/\/dress-ecode.com\/wp-content\/uploads\/2020\/09\/separatorefoglia.jpg\" alt=\"separatorefoglia\" width=\"600\" height=\"46\" \/><\/p>\n<h2>A NETWORK OF COLLABORATIONS<\/h2>\n<p>We enjoy working with many people to achieve our mission. For consultancy projects we count on selected and reliable professionals: fashion designers, sustainability evaluation experts, consultants specialized in sustainable fashion.<\/p>\n\t<p>Sulakshana Chemudupati<\/p>\n\t\t\t\t<img loading=\"lazy\" decoding=\"async\" src=\"https:\/\/dress-ecode.com\/wp-content\/uploads\/2024\/03\/Sula-Collaboration-on-Sustainable-Fashion-scaled.jpg\" alt=\"Sula - Collaboration on Sustainable Fashion\" itemprop=\"image\" height=\"2560\" width=\"1923\" title=\"Sula - Collaboration on Sustainable Fashion\" onerror=\"this.style.display='none'\"  \/>\n\t<p>She graduated from a premiere fashion institute in India and has worked for 15 years in the fashion retail industry as a design professional with successful mainstream brands in India and UAE, which strengthened her skills in trend forecasting, design and product development.<\/p>\n<p>Reacting to the rising environmental and social impact of the fashion industry and backed by a passion for Sustainability, she completed her MBA in Sustainability Management<\/p>\n\t<p>from SUMAS, Switzerland in 2022. Pivoting to sustainable fashion since early 2023, she now works as an independent Sustainable Fashion Consultant, in Portugal &amp; India, with a portfolio of projects that involve global sustainability trends, ensuring viability of circular fashion, promoting supply chain transparency and influencing conscious consumer choices.<\/p>\n<p>Her primary focus is to create products &amp; processes that prioritize planetary and societal well being.<\/p>\n\t<p><a href=\"https:\/\/calendly.com\/dress_ecode1\/primaconsulenza?month=2024-03\"><strong><\/strong><strong><u>Create your sustainable project!<\/u><\/strong><\/a><\/p>\n<p>With us you can:<\/p>\n\t<p><strong><img loading=\"lazy\" decoding=\"async\" src=\"https:\/\/dress-ecode.com\/wp-content\/uploads\/2020\/10\/Bussola-verde-75x75.png\" alt=\"\" width=\"55\" height=\"55\" \/>LAUNCH OR IMPROVE YOUR FASHION BRAND<\/strong><\/p>\n<p><strong>Design of new business models:<\/strong><\/p>\n<ul>\n<li>sustainable <strong>strategy<\/strong><\/li>\n<li><strong>roadmap<\/strong><\/li>\n<li><strong>business model<\/strong><\/li>\n<li>sustainable fashion <strong>design<\/strong><\/li>\n<\/ul>\n<p>oriented towards Corporate Shared Value (CVS) and the SDGs<\/p>\n\t<p><strong><img loading=\"lazy\" decoding=\"async\" src=\"https:\/\/dress-ecode.com\/wp-content\/uploads\/2020\/10\/Altoparlante-verde.png\" alt=\"\" width=\"59\" height=\"54\" \/>COMMUNICATE YOUR COMMITMENT IN SUSTAINABILITY<\/strong><\/p>\n<p><strong>Green writing:<\/strong><\/p>\n<ul>\n<li>sustainability statements, reports and external and internal <strong>communication material<\/strong><\/li>\n<li><strong>Mission and vision<\/strong><\/li>\n<li><strong>Values and manifesto<\/strong><\/li>\n<\/ul>\n<p>without greenwashing and in line with your brand identity<\/p>\n\t<p><strong><img loading=\"lazy\" decoding=\"async\" src=\"https:\/\/dress-ecode.com\/wp-content\/uploads\/2023\/12\/sostenibilita-dipendenti.jpeg\" alt=\"\" width=\"57\" height=\"57\" \/>ENGAGE YOUR TEAM AND EMPLOYEES<\/strong><\/p>\n<p><strong>Green HR <\/strong>&#8211; practices to guide people towards sustainability to manifest the sustainable commitment<\/p>\n<ul>\n<li>spread sustainable behaviors among employees<\/li>\n<li>involve senior management and employees on sustainability issues (performance management<\/li>\n<\/ul>\n\t<p><strong><img loading=\"lazy\" decoding=\"async\" src=\"https:\/\/dress-ecode.com\/wp-content\/uploads\/2023\/12\/comunicazione-sostenibilita-2.jpeg\" alt=\"\" width=\"57\" height=\"57\" \/>MAKE YOUR SUSTAINABILITY WELL TOLD\u00a0<\/strong><\/p>\n<p><strong>Creative education<\/strong><b> &#8211; <\/b>Events, theoretical courses and practical workshops for:<\/p>\n<ul>\n<li><strong>front end jobs<\/strong> (store managers and store assistants)<\/li>\n<li><strong>journalists and influencers <\/strong>on the sustainability aspects of your products<\/li>\n<\/ul>\n<p>to adequately describe them to your brand&#8217;s clients and audience<\/p>\n\tWe support social and\/or environmental causes.<br \/>\nWe currently support <strong><a href=\"https:\/\/www.kiva.org\" target=\"_blank\" rel=\"noopener\">Kiva<\/a>,<\/strong> because it empowers people to realize their own projects<strong> improving their lives<\/strong> and building <strong>a financially inclusive world.<\/strong>\n<p>Furthermore, we support Dress Ecode&#8217;s <strong>free information activities<\/strong> <strong>to raise awareness on sustainability issues<\/strong>.<\/p>\n\t\t\t\t<img loading=\"lazy\" decoding=\"async\" src=\"https:\/\/dress-ecode.com\/wp-content\/uploads\/2020\/10\/Kiva.jpg\" alt=\"Kiva\" itemprop=\"image\" height=\"280\" width=\"640\" title=\"Kiva\" onerror=\"this.style.display='none'\"  \/>\n\n","protected":false},"excerpt":{"rendered":"<p>IMPROVE THE PROSPERITY AND WELL-BEING OF YOUR BRAND (AND OF THE PLANET) We share your passion for sustainability and want to help you turn your vision into reality. Here&#8217;s how we can work together: Sustainability may seem like an ambitious goal to achieve. Wondering how to balance creativity with economics? We&#8217;re here to help you turn your creative vision into a successful, sustainable fashion brand. Together we can overcome any obstacle, maintaining the integrity of your style and achieving positive financial results. FIND OUT HOW WE MAKE YOUR VISION REAL LAUNCH OR IMPROVE YOUR ETHICAL FASHION BRAND Create a consistent and credible brand Improve the social and environmental impact with economic sustainability COMMUNICATE YOUR COMMITMENT WITH CREDIBILITY Avoid greenwashing: make your offer and your social and environmental commitment known by building credibility ENGAGE EMPLOYEES IN SUSTAINABILITY Involve your team or employees on sustainability issues: they represent your brand&#8217;s commitment to the outside world EDUCATE STORE MANAGERS, PRESS AND INFLUENCERS Train people in contact with your audience to talk about the sustainability aspects of your products and their impact &nbsp; &nbsp; REALIZE YOUR IDEA NOW We do not give standard solutions. Instead, we work with each client to understand specific needs, goals and values. We develop a strategy that is unique to your target audience, your industry and your vision of sustainability. Every project has its time and its value. ETHICS PROFESSIONALISM QUALITY CREATIVITY FASHION DESIGNERS AND MICRO-BUSINESSES: We love helping small brands grow! If you are among these (up to 10 employees and a turnover of less than 2 million euros) here is what we have reserved for you in 2024: 60 MINUTES FOR YOU Dedicate 60 minutes to yourself, to your project to realize, to your brand to improve, to your dream to make real. Describe the details and receive a precise vision of the focus points, advice on where to start and what steps to take to achieve your goal. It&#8217;s the opportunity to find out if we are the ideal partner to turn your project into reality. The First Consultation is at a promotional rate, as a sign of our commitment to supporting your first steps towards success. It all begins with a first step: start your project! MAKE YOUR VISION REAL: START NOW STEP BY STEP All the support on the path to realizing your idea in sustainable fashion: we will help you prepare a coherent, credible and working business model step by step. We guide you in analyzing activities, defining sustainable objectives and reviewing the business model. It includes: 6 or 12 one-hour 1:1 video calls in 3\/6\/12 months based on your pace (max in 12 months) Don&#8217;t wait any longer: activate the change in fashion with your brand 6 or 12 steps in video call DISCOVER THE PATH TO REALIZE YOUR IDEA FROM IDEA TO REALITY We take care of the design of your idea, clearly stating in black and white to make it work. You think about creativity, we think about the managerial aspect of your creative vision. You will be involved in the process of output creating, so that you can continue independently. It includes: business model roadmap &#8211; tailor-made action plan and strategic directions 6 one-hour 1:1 video calls We prepare the business model and the action plan for you. Start turning your creative dream into reality today. 6 steps+plan+business model HOW MUCH IS IT WORTH TO REALIZE YOUR DREAM? SMEs AND LARGE COMPANIES: Book the first step to realize your vision:\u00a0tell us your company&#8217;s goals and challenges and receive a precise vision of the points to focus on. Let&#8217;s plan together the time, path and value to make it a reality and\u00a0improve the prosperity of your brand and the planet. Do you want to know more about the path? \u00a0Click here to talk to us. THE FREE E-MAGAZINE Conscious Style, Designers, case studies, eco-friendly events and news in conscious fashion (in Italian) SUBSCRIBE THE BOOK The challenges for those who want to be protagonists of a new era of fashion and the ideas for overcoming them (in Italian) BUY THE ARTICLES Reliable source, independent and free to tell how things are, with \u00a0serious knowledge on sustainability READ &#8220;I combined Human Resources + Sustainability + Strategy + Writing in a mix of experiences and skills that allow to see things in a new and innovative way. I support brands in change projects. I bring order, concreteness and coherence to business ideas, I outline sustainability strategies, I find more ethical and ecological solutions and materials. I write &#8216;greenly&#8217;. I find the right words to talk about sustainability. I spread the principles of ethical and ecological fashion. I tirelessly explore the world of fashion and sustainability. I research and analyze data on the sector. Together with a team of professionals, whom I carefully select, with expertise in sustainability, I carry out the projects described above&#8221;. Arianna De Biasi, degree from Bocconi, Master in Business Administration (MBA) in sustainable fashion management at SUMAS, and certification in Sustainable Business Strategy from Harvard Business School. After a long experience in large companies as a management consultant in human resources, she added care for the environment to her interest in people, giving life to the Dress ECOde project and the Pop-up Green podcast. A NETWORK OF COLLABORATIONS We enjoy working with many people to achieve our mission. For consultancy projects we count on selected and reliable professionals: fashion designers, sustainability evaluation experts, consultants specialized in sustainable fashion. Sulakshana Chemudupati She graduated from a premiere fashion institute in India and has worked for 15 years in the fashion retail industry as a design professional with successful mainstream brands in India and UAE, which strengthened her skills in trend forecasting, design and product development. Reacting to the rising environmental and social impact of the fashion industry and backed by a passion for Sustainability, she completed her MBA in Sustainability Management from SUMAS, Switzerland in 2022. Pivoting to sustainable fashion since early 2023, she now works as an independent Sustainable Fashion Consultant, in Portugal &amp; India, with a portfolio of projects that involve global sustainability trends, ensuring viability of circular fashion, promoting supply chain transparency and influencing conscious consumer choices. Her primary focus is to create products &amp; processes that prioritize planetary and societal well being. Create your sustainable project! With us you can: LAUNCH OR IMPROVE YOUR FASHION BRAND Design of new business models: sustainable strategy roadmap business model sustainable fashion design oriented towards Corporate Shared Value (CVS) and the SDGs COMMUNICATE YOUR COMMITMENT IN SUSTAINABILITY Green writing: sustainability statements, reports and external and internal communication material Mission and vision Values and manifesto without greenwashing and in line with your brand identity ENGAGE YOUR TEAM AND EMPLOYEES Green HR &#8211; practices to guide people towards sustainability to manifest the sustainable commitment spread sustainable behaviors among employees involve senior management and employees on sustainability issues (performance management MAKE YOUR SUSTAINABILITY WELL TOLD\u00a0 Creative education &#8211; Events, theoretical courses and practical workshops for: front end jobs (store managers and store assistants) journalists and influencers on the sustainability aspects of your products to adequately describe them to your brand&#8217;s clients and audience We support social and\/or environmental causes. We currently support Kiva, because it empowers people to realize their own projects improving their lives and building a financially inclusive world. Furthermore, we support Dress Ecode&#8217;s free information activities to raise awareness on sustainability issues.<\/p>\n","protected":false},"author":2,"featured_media":0,"parent":0,"menu_order":0,"comment_status":"closed","ping_status":"closed","template":"","meta":{"footnotes":""},"class_list":["post-11897","page","type-page","status-publish","hentry"],"jetpack_sharing_enabled":true,"acf":[],"_links":{"self":[{"href":"https:\/\/dress-ecode.com\/en\/wp-json\/wp\/v2\/pages\/11897","targetHints":{"allow":["GET"]}}],"collection":[{"href":"https:\/\/dress-ecode.com\/en\/wp-json\/wp\/v2\/pages"}],"about":[{"href":"https:\/\/dress-ecode.com\/en\/wp-json\/wp\/v2\/types\/page"}],"author":[{"embeddable":true,"href":"https:\/\/dress-ecode.com\/en\/wp-json\/wp\/v2\/users\/2"}],"replies":[{"embeddable":true,"href":"https:\/\/dress-ecode.com\/en\/wp-json\/wp\/v2\/comments?post=11897"}],"version-history":[{"count":33,"href":"https:\/\/dress-ecode.com\/en\/wp-json\/wp\/v2\/pages\/11897\/revisions"}],"predecessor-version":[{"id":19590,"href":"https:\/\/dress-ecode.com\/en\/wp-json\/wp\/v2\/pages\/11897\/revisions\/19590"}],"wp:attachment":[{"href":"https:\/\/dress-ecode.com\/en\/wp-json\/wp\/v2\/media?parent=11897"}],"curies":[{"name":"wp","href":"https:\/\/api.w.org\/{rel}","templated":true}]}}