{"id":11921,"date":"2020-10-06T10:01:16","date_gmt":"2020-10-06T09:01:16","guid":{"rendered":"https:\/\/dress-ecode.com\/azione\/"},"modified":"2024-01-12T11:06:16","modified_gmt":"2024-01-12T10:06:16","slug":"action","status":"publish","type":"page","link":"https:\/\/dress-ecode.com\/en\/action\/","title":{"rendered":"Action"},"content":{"rendered":"\n\n\t<p>&nbsp;<\/p>\n<p>&nbsp;<\/p>\n\t<p><strong>Dress <em>Eco<\/em>de\u00ae spreads <\/strong><strong>a more sustainable fashion.<\/strong><\/p>\n\t\t\t\t<img loading=\"lazy\" decoding=\"async\" src=\"https:\/\/dress-ecode.com\/wp-content\/uploads\/2023\/12\/2.jpg\" alt=\"know - 2\" itemprop=\"image\" height=\"600\" width=\"600\" title=\"know - 2\" onerror=\"this.style.display='none'\"  \/>\n<h2>\n\t\tWe inform you on how to dress green and ethically\n\t<\/h2>\n\t\t\t\t<img loading=\"lazy\" decoding=\"async\" src=\"https:\/\/dress-ecode.com\/wp-content\/uploads\/2023\/12\/3.jpg\" alt=\"know - 3\" itemprop=\"image\" height=\"600\" width=\"600\" title=\"know - 3\" onerror=\"this.style.display='none'\"  \/>\n<h2>\n\t\tWe create workshops and events to propagate an ethical fashion\n\t<\/h2>\n\t\t\t\t<img loading=\"lazy\" decoding=\"async\" src=\"https:\/\/dress-ecode.com\/wp-content\/uploads\/2023\/12\/2.jpg\" alt=\"know - 2\" itemprop=\"image\" height=\"600\" width=\"600\" title=\"know - 2\" onerror=\"this.style.display='none'\"  \/>\n<h2>\n\t\t INFORMATION\n\t<\/h2>\n\t<p>You have decided to reduce your impact on the environment, but you read different indications from all over&#8230; How much confusion!<\/p>\n<p><strong>What&#8217;s true and what isn&#8217;t?<\/strong> Which action do <strong>really<\/strong> reduce the negative environmental and social impact?<\/p>\n<p>Here&#8217;s how you can find out about sustainable fashion:<\/p>\n\t\t\t\t<a href=\"https:\/\/mailchi.mp\/4afaa97a430d\/magazine-moda-sostenibilita\" target=\"_blank\" rel=\"noopener\" itemprop=\"url\">\n\t\t\t\t<img loading=\"lazy\" decoding=\"async\" src=\"https:\/\/dress-ecode.com\/wp-content\/uploads\/2023\/12\/news.gif\" alt=\"news moda sostenibile\" itemprop=\"image\" height=\"600\" width=\"600\" title=\"news moda sostenibile\" onerror=\"this.style.display='none'\"  \/>\n\t\t\t\t<\/a>\n\t<p><strong><a href=\"https:\/\/mailchi.mp\/4afaa97a430d\/magazine-moda-sostenibilita\">THE FREE E-MAGAZINE<\/a><\/strong><\/p>\n<p>Conscious Style, Designers, case studies, eco-friendly events and news in conscious fashion (in Italian)<\/p>\n\t\t\t<a href=\"https:\/\/mailchi.mp\/4afaa97a430d\/magazine-moda-sostenibilita\" target=\"_blank\" rel=\"noopener\">\n\t\t\t\t\t\t\tSUBSCRIBE\n\t\t\t\t\t<\/a>\n\t\t\t\t<a href=\"https:\/\/dress-ecode.com\/en\/information\/\" target=\"_blank\" rel=\"noopener\" itemprop=\"url\">\n\t\t\t\t<img loading=\"lazy\" decoding=\"async\" src=\"https:\/\/dress-ecode.com\/wp-content\/uploads\/2023\/12\/news-moda-sostenibile-new.gif\" alt=\"news moda sostenibile new\" itemprop=\"image\" height=\"600\" width=\"600\" title=\"news moda sostenibile new\" onerror=\"this.style.display='none'\"  \/>\n\t\t\t\t<\/a>\n\t<p><strong><a href=\"https:\/\/dress-ecode.com\/en\/information\/\">THE ARTICLES<\/a><\/strong><\/p>\n<p>Reliable source, independent and free to tell how things are, with \u00a0serious knowledge on sustainability<\/p>\n\t\t\t<a href=\"https:\/\/dress-ecode.com\/en\/information\/\" target=\"_blank\" rel=\"noopener\">\n\t\t\t\t\t\t\tREAD\n\t\t\t\t\t<\/a>\n\t\t\t\t<a href=\"https:\/\/pop-upgreen.my.canva.site\/\" target=\"_blank\" rel=\"noopener\" itemprop=\"url\">\n\t\t\t\t<img loading=\"lazy\" decoding=\"async\" src=\"https:\/\/dress-ecode.com\/wp-content\/uploads\/2023\/12\/podcast-moda-sostenibile.gif\" alt=\"podcast moda sostenibile\" itemprop=\"image\" height=\"600\" width=\"600\" title=\"podcast moda sostenibile\" onerror=\"this.style.display='none'\"  \/>\n\t\t\t\t<\/a>\n\t<p><strong><a href=\"https:\/\/pop-upgreen.my.canva.site\/\" target=\"_blank\" rel=\"noopener\">THE PODCAST POP-UP GREEN<\/a><\/strong><\/p>\n<p>Articles to listen to and live episodes looking for sustainability in fashion (and beyond) (ITA)<\/p>\n\t\t\t<a href=\"https:\/\/pop-upgreen.my.canva.site\/\" target=\"_blank\" rel=\"noopener\">\n\t\t\t\t\t\t\tLISTEN\n\t\t\t\t\t<\/a>\n\t<h2 id=\"LLn4qmJKIjK2pdGI\"><strong>We unmask the inflated greenwashed balloons, and instead of temporary greens we propose brands and solutions for a more ethical and environmentally friendly fashion.<\/strong><\/h2>\n\t<p>Have a look at the following resources to know more:<\/p>\n\t\t\t\t<a href=\"https:\/\/dress-ecode.com\/prodotto\/12-mesi-di-moda-sostenibile\/\" target=\"_blank\" rel=\"noopener\" itemprop=\"url\">\n\t\t\t\t<img loading=\"lazy\" decoding=\"async\" src=\"https:\/\/dress-ecode.com\/wp-content\/uploads\/2023\/09\/Moda-sostenibile-sustainable-fashion.png\" alt=\"Moda sostenibile sustainable fashion\" itemprop=\"image\" height=\"600\" width=\"600\" title=\"Moda sostenibile sustainable fashion\" onerror=\"this.style.display='none'\"  \/>\n\t\t\t\t<\/a>\n\t<p><strong><a href=\"https:\/\/dress-ecode.com\/prodotto\/12-mesi-di-moda-sostenibile\/\">THE EBOOK<\/a><\/strong><\/p>\n<p>Over 170 pages of inspiration, valuable information and revolutionary discoveries in the world of ethical clothing<\/p>\n\t\t\t<a href=\"https:\/\/dress-ecode.com\/prodotto\/12-mesi-di-moda-sostenibile\/\" target=\"_blank\" rel=\"noopener\">\n\t\t\t\t\t\t\tBUY\n\t\t\t\t\t<\/a>\n\t\t\t\t<a href=\"https:\/\/www.amazon.it\/New-Fashion-Superare-sostenibilit\u00e0-essere\/dp\/1446792722\/ref=sr_1_1?__mk_it_IT=\u00c5M\u00c5\u017d\u00d5\u00d1&#038;crid=2UHJWC4CKOKD3&#038;keywords=New+Fashion+-+Superare+le+sfide+della+sostenibilit\u00e0&#038;qid=1700083610&#038;s=books&#038;sprefix=new+fashion+-+superare+le+sfide+della+sostenibilit\u00e0+%2Cstripbooks%2C200&#038;sr=1-1\" target=\"_blank\" rel=\"noopener\" itemprop=\"url\">\n\t\t\t\t<img loading=\"lazy\" decoding=\"async\" src=\"https:\/\/dress-ecode.com\/wp-content\/uploads\/2023\/12\/libro-moda-sostenibile.jpg\" alt=\"libro moda sostenibile\" itemprop=\"image\" height=\"600\" width=\"600\" title=\"libro moda sostenibile\" onerror=\"this.style.display='none'\"  \/>\n\t\t\t\t<\/a>\n\t<p><strong><a href=\"https:\/\/www.amazon.it\/New-Fashion-Superare-sostenibilit%C3%A0-essere\/dp\/1446792722\/ref=sr_1_1?__mk_it_IT=%C5M%C5%8E%D5%D1&amp;crid=2UHJWC4CKOKD3&amp;keywords=New+Fashion+-+Superare+le+sfide+della+sostenibilit%E0&amp;qid=1700083610&amp;s=books&amp;sprefix=new+fashion+-+superare+le+sfide+della+sostenibilit%E0+%2Cstripbooks%2C200&amp;sr=1-1\">THE BOOK<\/a><\/strong><\/p>\n<p>The challenges for those who want to be protagonists of a new era of fashion and the ideas for overcoming them (in Italian)<\/p>\n\t\t\t<a href=\"https:\/\/www.amazon.it\/New-Fashion-Superare-sostenibilit\u00e0-essere\/dp\/1446792722\/ref=sr_1_1?__mk_it_IT=\u00c5M\u00c5\u017d\u00d5\u00d1&#038;crid=2UHJWC4CKOKD3&#038;keywords=New+Fashion+-+Superare+le+sfide+della+sostenibilit\u00e0&#038;qid=1700083610&#038;s=books&#038;sprefix=new+fashion+-+superare+le+sfide+della+sostenibilit\u00e0+%2Cstripbooks%2C200&#038;sr=1-1\" target=\"_self\" rel=\"noopener\">\n\t\t\t\t\t\t\tBUY\n\t\t\t\t\t<\/a>\n\t\t\t\t<a href=\"https:\/\/dressecode.thinkific.com\" target=\"_blank\" rel=\"noopener\" itemprop=\"url\">\n\t\t\t\t<img loading=\"lazy\" decoding=\"async\" src=\"https:\/\/dress-ecode.com\/wp-content\/uploads\/2023\/12\/corso-moda-sostenibile.jpg\" alt=\"corso moda sostenibile\" itemprop=\"image\" height=\"600\" width=\"600\" title=\"corso moda sostenibile\" onerror=\"this.style.display='none'\"  \/>\n\t\t\t\t<\/a>\n\t<p><strong><a href=\"https:\/\/dressecode.thinkific.com\/\" target=\"_blank\" rel=\"noopener\">THE COURSE<\/a><\/strong><\/p>\n<p>\u00a0A journey into our wardrobe where you will discover the link between what we wear and the impact of the fashion industry<\/p>\n\t\t\t<a href=\"https:\/\/dressecode.thinkific.com\" target=\"_blank\" rel=\"noopener\">\n\t\t\t\t\t\t\tBUY\n\t\t\t\t\t<\/a>\n\t\t\t\t<img loading=\"lazy\" decoding=\"async\" src=\"https:\/\/dress-ecode.com\/wp-content\/uploads\/2023\/12\/3.jpg\" alt=\"know - 3\" itemprop=\"image\" height=\"600\" width=\"600\" title=\"know - 3\" onerror=\"this.style.display='none'\"  \/>\n<h2>\n\t\t ACTION\n\t<\/h2>\n\t<p>Sometimes we forget the strength of the actions of several people oriented towards the same mission. Our purchasing decisions, for example, by joining those of other people help to guide the strategies of fashion companies.<\/p>\n\t\t\t\t<img loading=\"lazy\" decoding=\"async\" src=\"https:\/\/dress-ecode.com\/wp-content\/uploads\/2020\/10\/farfalla-s.png\" alt=\"farfalla-s\" itemprop=\"image\" height=\"246\" width=\"300\" title=\"farfalla-s\" onerror=\"this.style.display='none'\"  \/>\n\t<p>We create<\/p>\n<h2>\n\t\tCOURSES\n\t<\/h2>\n<h2>\n\t\tWORKSHOPS\n\t<\/h2>\n<h2>\n\t\tEVENTS\n\t<\/h2>\n<h2>\n\t\tON SUSTAINABLE FASHION\n\t<\/h2>\n\t<p><img loading=\"lazy\" decoding=\"async\" src=\"https:\/\/dress-ecode.com\/wp-content\/uploads\/2020\/10\/Fogliaemagliettaverdino.png\" alt=\"\" width=\"83\" height=\"48\" \/><\/p>\n<p>Here are some of the <strong>topics<\/strong> we cover:<\/p>\n<ul>\n<li>The impact of the fashion industry on climate change<\/li>\n<li>Our wardrobe: the social and environmental impact<\/li>\n<li>Ecofashion: a theoretical and practical introductory course to live the experience of sustainable fashion designers<\/li>\n<li>Refashion and upcycling: workshops to modernize and reuse everything that remains in our closet<\/li>\n<li>How to buy clothing and accessories more consciously<\/li>\n<li>The more sustainable fabrics: which ones to choose and where to find them<\/li>\n<\/ul>\n\t<p>&nbsp;<\/p>\n<p><iframe loading=\"lazy\" src=\"https:\/\/player.vimeo.com\/video\/466188631?autoplay=1\" width=\"440\" height=\"440\" frameborder=\"0\" allowfullscreen=\"allowfullscreen\"><\/iframe><\/p>\n<h2>\n\t\tHow can we change the fashion world? 8 actions to start\n\t<\/h2>\n\t\t\t\t<img loading=\"lazy\" decoding=\"async\" src=\"https:\/\/dress-ecode.com\/wp-content\/uploads\/2023\/12\/sustainable-clothes-young-old-people.jpg\" alt=\"sustainable-clothes-young-old-people\" itemprop=\"image\" height=\"686\" width=\"1200\" title=\"sustainable-clothes-young-old-people\" onerror=\"this.style.display='none'\"  \/>\n\t<p><strong>Each of us has values that we believe in and aspects that we value most, a lifestyle and personal habits. To start, we can choose a level of sustainability that we want and can achieve.<\/strong><\/p>\n<p>&nbsp;<\/p>\n<p>We can dress in a sustainable and responsible way without giving up our style and without necessarily resorting to expensive purchases.<\/p>\n\t\t\t\t<img loading=\"lazy\" decoding=\"async\" src=\"https:\/\/dress-ecode.com\/wp-content\/uploads\/2020\/10\/farfalla-blu.png\" alt=\"farfalla-blu\" itemprop=\"image\" height=\"246\" width=\"300\" title=\"farfalla-blu\" onerror=\"this.style.display='none'\"  \/>\n\t<p>During the block due to COVID-19, we launched the <strong><a href=\"https:\/\/www.facebook.com\/media\/set\/?vanity=DressEcode1&amp;set=a.257884898251556\">#sosteniamoilsostenibile initiative<\/a><\/strong> and the corresponding hashtag to support Made in Italy crafts and sustainable products in the fashion sector.<\/p>\n\t\t\t\t<img loading=\"lazy\" decoding=\"async\" src=\"https:\/\/dress-ecode.com\/wp-content\/uploads\/2020\/10\/farfalla-azz.png\" alt=\"farfalla-azz\" itemprop=\"image\" height=\"246\" width=\"300\" title=\"farfalla-azz\" onerror=\"this.style.display='none'\"  \/>\n\t<p>If you have a sustainable brand or business, we will tell you on a <strong><a href=\"https:\/\/dress-ecode.com\/en\/brands-and-businesses\/\">dedicated page<\/a> <\/strong>what we can do together.<\/p>\n\t\t\t\t<img loading=\"lazy\" decoding=\"async\" src=\"https:\/\/dress-ecode.com\/wp-content\/uploads\/2020\/10\/farfalla-salvia.png\" alt=\"farfalla-salvia\" itemprop=\"image\" height=\"246\" width=\"300\" title=\"farfalla-salvia\" onerror=\"this.style.display='none'\"  \/>\n\t<p>We are available to write articles and create <strong>collaborations<\/strong> in line with our mission.<\/p>\n<p>With Sara Alberghini, chemical expert and author of <strong><a href=\"https:\/\/www.mammachimica.it\/\" target=\"_blank\" rel=\"noopener\">Mammachimica<\/a><\/strong>, we have published <strong>6 articles to shed light on the world of ecological laundry<\/strong>, in which, as Mammachimica says, &#8220;the eco-smart is always lurking!&#8221;. (The first interview is <a href=\"https:\/\/dress-ecode.com\/en\/2019\/02\/18\/come-lavare-in-modo-ecologico-i-vestiti-affinche-durino-nel-tempo-i-consigli-efficaci-e-scientifici-di-mammachimica-1\/\">here<\/a>).<\/p>\n<p>We have collaborated with:<\/p>\n<ul>\n<li>RomeFutureWeek for the <strong><a href=\"https:\/\/romefutureweek.it\/event\/moda-a-roma-verso-un-futuro-sostenibile\/\">Fashion show<\/a><\/strong> in Rome: towards a sustainable future.<\/li>\n<li>ManiTese, creating <a href=\"https:\/\/dress-ecode.com\/en\/2021\/10\/05\/upcycling-2-laboratori-per-creare-accessori-ed-eco-animaletti\/\"><strong>upcycling workshops<\/strong><\/a> with Carlotta Redaelli.<\/li>\n<li>With Daniela Cento, an expert in tailoring, and with Lavinia Busetto, who supports Dress <em>Eco<\/em>de with her precious advice on vintage and second-hand, we organized an ecofashion workshop, guests of Lo Speziale Locanda in Verona (you can read <strong><a href=\"https:\/\/dress-ecode.com\/2019\/06\/01\/eco-fashion-laboratorio-con-pranzo-e-stile\/\">here<\/a><\/strong>).<\/li>\n<li>Valentina D&#8217;Amora, with the <a href=\"https:\/\/www.mondadoristore.it\/GEco-Guida...\/eai978883366515\/\"><strong>guide &#8220;GEco&#8221;<\/strong>.<\/a><\/li>\n<li>With M. Giulia Gaudenzi and Lodovica Cattani <a href=\"https:\/\/dress-ecode.com\/en\/2019\/12\/12\/eco-swap-party-le-foto-e-il-racconto-del-party-green-per-salvare-lambiente-e-rinnovare-il-proprio-armadio\"><strong>to swap clothes<\/strong>.<\/a> In partnership with <em>The Climate Reality Project -Team Europe.\u00a0<\/em><\/li>\n<li><strong><a href=\"https:\/\/dress-ecode.com\/en\/?s=Jessica+pellegrino\">Jessica Pellegrino<\/a><\/strong>, <em>image coach<\/em>, io rediscover our beauty by purchasing in a more conscious way.<\/li>\n<li>With <strong><a href=\"https:\/\/www.sfashion-net.it\/\" target=\"_blank\" rel=\"noopener\">Sfashion-net<\/a><\/strong> realising <em>Brand in focus <\/em>for them, a cycle of interviews.<\/li>\n<\/ul>\n\n","protected":false},"excerpt":{"rendered":"<p>&nbsp; &nbsp; Dress Ecode\u00ae spreads a more sustainable fashion. We inform you on how to dress green and ethically We create workshops and events to propagate an ethical fashion INFORMATION You have decided to reduce your impact on the environment, but you read different indications from all over&#8230; How much confusion! What&#8217;s true and what isn&#8217;t? Which action do really reduce the negative environmental and social impact? Here&#8217;s how you can find out about sustainable fashion: THE FREE E-MAGAZINE Conscious Style, Designers, case studies, eco-friendly events and news in conscious fashion (in Italian) SUBSCRIBE THE ARTICLES Reliable source, independent and free to tell how things are, with \u00a0serious knowledge on sustainability READ THE PODCAST POP-UP GREEN Articles to listen to and live episodes looking for sustainability in fashion (and beyond) (ITA) LISTEN We unmask the inflated greenwashed balloons, and instead of temporary greens we propose brands and solutions for a more ethical and environmentally friendly fashion. Have a look at the following resources to know more: THE EBOOK Over 170 pages of inspiration, valuable information and revolutionary discoveries in the world of ethical clothing BUY THE BOOK The challenges for those who want to be protagonists of a new era of fashion and the ideas for overcoming them (in Italian) BUY THE COURSE \u00a0A journey into our wardrobe where you will discover the link between what we wear and the impact of the fashion industry BUY ACTION Sometimes we forget the strength of the actions of several people oriented towards the same mission. Our purchasing decisions, for example, by joining those of other people help to guide the strategies of fashion companies. We create COURSES WORKSHOPS EVENTS ON SUSTAINABLE FASHION Here are some of the topics we cover: The impact of the fashion industry on climate change Our wardrobe: the social and environmental impact Ecofashion: a theoretical and practical introductory course to live the experience of sustainable fashion designers Refashion and upcycling: workshops to modernize and reuse everything that remains in our closet How to buy clothing and accessories more consciously The more sustainable fabrics: which ones to choose and where to find them &nbsp; How can we change the fashion world? 8 actions to start Each of us has values that we believe in and aspects that we value most, a lifestyle and personal habits. To start, we can choose a level of sustainability that we want and can achieve. &nbsp; We can dress in a sustainable and responsible way without giving up our style and without necessarily resorting to expensive purchases. During the block due to COVID-19, we launched the #sosteniamoilsostenibile initiative and the corresponding hashtag to support Made in Italy crafts and sustainable products in the fashion sector. If you have a sustainable brand or business, we will tell you on a dedicated page what we can do together. We are available to write articles and create collaborations in line with our mission. With Sara Alberghini, chemical expert and author of Mammachimica, we have published 6 articles to shed light on the world of ecological laundry, in which, as Mammachimica says, &#8220;the eco-smart is always lurking!&#8221;. (The first interview is here). We have collaborated with: RomeFutureWeek for the Fashion show in Rome: towards a sustainable future. ManiTese, creating upcycling workshops with Carlotta Redaelli. With Daniela Cento, an expert in tailoring, and with Lavinia Busetto, who supports Dress Ecode with her precious advice on vintage and second-hand, we organized an ecofashion workshop, guests of Lo Speziale Locanda in Verona (you can read here). Valentina D&#8217;Amora, with the guide &#8220;GEco&#8221;. With M. Giulia Gaudenzi and Lodovica Cattani to swap clothes. In partnership with The Climate Reality Project -Team Europe.\u00a0 Jessica Pellegrino, image coach, io rediscover our beauty by purchasing in a more conscious way. With Sfashion-net realising Brand in focus for them, a cycle of interviews.<\/p>\n","protected":false},"author":2,"featured_media":0,"parent":0,"menu_order":0,"comment_status":"closed","ping_status":"closed","template":"","meta":{"footnotes":""},"class_list":["post-11921","page","type-page","status-publish","hentry"],"jetpack_sharing_enabled":true,"acf":[],"_links":{"self":[{"href":"https:\/\/dress-ecode.com\/en\/wp-json\/wp\/v2\/pages\/11921","targetHints":{"allow":["GET"]}}],"collection":[{"href":"https:\/\/dress-ecode.com\/en\/wp-json\/wp\/v2\/pages"}],"about":[{"href":"https:\/\/dress-ecode.com\/en\/wp-json\/wp\/v2\/types\/page"}],"author":[{"embeddable":true,"href":"https:\/\/dress-ecode.com\/en\/wp-json\/wp\/v2\/users\/2"}],"replies":[{"embeddable":true,"href":"https:\/\/dress-ecode.com\/en\/wp-json\/wp\/v2\/comments?post=11921"}],"version-history":[{"count":13,"href":"https:\/\/dress-ecode.com\/en\/wp-json\/wp\/v2\/pages\/11921\/revisions"}],"predecessor-version":[{"id":17716,"href":"https:\/\/dress-ecode.com\/en\/wp-json\/wp\/v2\/pages\/11921\/revisions\/17716"}],"wp:attachment":[{"href":"https:\/\/dress-ecode.com\/en\/wp-json\/wp\/v2\/media?parent=11921"}],"curies":[{"name":"wp","href":"https:\/\/api.w.org\/{rel}","templated":true}]}}