{"id":18971,"date":"2025-01-08T18:28:45","date_gmt":"2025-01-08T17:28:45","guid":{"rendered":"https:\/\/dress-ecode.com\/?post_type=product&#038;p=18971"},"modified":"2025-07-21T15:12:41","modified_gmt":"2025-07-21T14:12:41","slug":"ws-2-pax","status":"publish","type":"product","link":"https:\/\/dress-ecode.com\/en\/prodotto\/ws-2-pax\/","title":{"rendered":"Workshop Edizione Ottobre 2025: Ticket Premium"},"content":{"rendered":"<p>Il Workshop online, organizzato da <b>Dress ECOde<\/b>, \u00e8 stato progettato per offrire un&#8217;analisi approfondita e pratica delle normative europee e italiane riguardanti la\u00a0<b>sostenibilit\u00e0<\/b>, il\u00a0<b>greenwashing<\/b>\u00a0e la\u00a0<b>responsabilit\u00e0 sociale<\/b>\u00a0nel settore della moda.<\/p>\n<p><b>Il Ticket Premium include:<\/b><\/p>\n<ul>\n<li>6 ore di formazione pratica e approfondita con 3 esperti del settore<\/li>\n<li>Materiale didattico del Workshop<\/li>\n<li><b>Consulenza personalizzata con Arianna De Biasi e il team di supporto per rispondere a tutte le tue domande specifiche.<\/b><\/li>\n<li>Attestato di partecipazione al corso di aggiornamento<\/li>\n<\/ul>\n<p>Le prossime date del workshop, che consiste in 3 incontri online, sono:<\/p>\n<ul>\n<li>Gioved\u00ec 9 ottobre 2025 \u00a020:30 &#8211; 22:00<\/li>\n<li>Marted\u00ec 14 ottobre 2025 \u00a020:30 &#8211; 22:00<\/li>\n<li>Marted\u00ec 21 ottobre 2025 \u00a020:00 &#8211; 22:00<\/li>\n<\/ul>\n<p><b>Dress ECOde<\/b>\u00a0si impegna a supportare le aziende nel comprendere e adeguarsi ai cambiamenti normativi, fornendo formazione e consulenza per promuovere un approccio sostenibile ed etico nella moda. In questa giornata, ti forniremo gli strumenti necessari per\u00a0<b>integrare il modello di business circolare e migliorare la comunicazione in modo trasparente e conforme alle leggi.<\/b><\/p>\n<p>Per maggiori informazioni <a href=\"https:\/\/dress-ecode.com\/workshop-sostenibilita\/\">clicca qui<\/a><\/p>\n","protected":false},"excerpt":{"rendered":"<h2><b>LA SOSTENIBILIT\u00c0 NON \u00c8 PI\u00d9 UNA SCELTA: DA OGGI \u00c8 UN OBBLIGO LEGALE, PROTEGGI ORA LA TUA AZIENDA<\/b><\/h2>\n<p>Partecipa al Workshop\u00a0<b>&#8220;Normative Tessili e Sostenibilit\u00e0: Come essere Green Senza Greenwashing&#8221;\u00a0<\/b>il <strong>9<\/strong><b>\/10, 14\/10 e 21\/10 <\/b>e allinea la tua Azienda dalle Nuove Normative che impongono a grandi e piccole realt\u00e0 di conformarsi ai Nuovi Standard di Sostenibilit\u00e0 ed Economia Circolare, evitando cos\u00ec Sanzioni Salatissime.<\/p>\n","protected":false},"featured_media":19179,"comment_status":"closed","ping_status":"closed","template":"","meta":[],"product_brand":[],"product_cat":[1867],"product_tag":[1873],"class_list":{"0":"post-18971","1":"product","2":"type-product","3":"status-publish","4":"has-post-thumbnail","6":"product_cat-workshop-biglietto-premium","7":"product_tag-workshop-ottobre-2025","9":"first","10":"instock","11":"virtual","12":"purchasable","13":"product-type-simple"},"jetpack_sharing_enabled":true,"acf":[],"_links":{"self":[{"href":"https:\/\/dress-ecode.com\/en\/wp-json\/wp\/v2\/product\/18971","targetHints":{"allow":["GET"]}}],"collection":[{"href":"https:\/\/dress-ecode.com\/en\/wp-json\/wp\/v2\/product"}],"about":[{"href":"https:\/\/dress-ecode.com\/en\/wp-json\/wp\/v2\/types\/product"}],"replies":[{"embeddable":true,"href":"https:\/\/dress-ecode.com\/en\/wp-json\/wp\/v2\/comments?post=18971"}],"wp:featuredmedia":[{"embeddable":true,"href":"https:\/\/dress-ecode.com\/en\/wp-json\/wp\/v2\/media\/19179"}],"wp:attachment":[{"href":"https:\/\/dress-ecode.com\/en\/wp-json\/wp\/v2\/media?parent=18971"}],"wp:term":[{"taxonomy":"product_brand","embeddable":true,"href":"https:\/\/dress-ecode.com\/en\/wp-json\/wp\/v2\/product_brand?post=18971"},{"taxonomy":"product_cat","embeddable":true,"href":"https:\/\/dress-ecode.com\/en\/wp-json\/wp\/v2\/product_cat?post=18971"},{"taxonomy":"product_tag","embeddable":true,"href":"https:\/\/dress-ecode.com\/en\/wp-json\/wp\/v2\/product_tag?post=18971"}],"curies":[{"name":"wp","href":"https:\/\/api.w.org\/{rel}","templated":true}]}}