{"id":19303,"date":"2025-06-19T10:28:02","date_gmt":"2025-06-19T09:28:02","guid":{"rendered":"https:\/\/dress-ecode.com\/?post_type=product&#038;p=19303"},"modified":"2025-07-21T15:01:34","modified_gmt":"2025-07-21T14:01:34","slug":"webinar-le-nuove-regole-della-moda-ticket-giugno-2025","status":"publish","type":"product","link":"https:\/\/dress-ecode.com\/en\/prodotto\/webinar-le-nuove-regole-della-moda-ticket-giugno-2025\/","title":{"rendered":"Webinar Le Nuove Regole della Moda &#8211; Ticket Ottobre 2025"},"content":{"rendered":"<p><b>La moda circolare<\/b><span style=\"font-weight: 400;\"> non \u00e8 pi\u00f9 solo una scelta strategica, ma una vera e propria responsabilit\u00e0. <\/span>Il Webinar online, organizzato da <b>Dress ECOde<\/b>, \u00e8 stato progettato per offriti <b><span style=\"font-weight: 400;\">una guida chiara su come agire per rendere il tuo brand davvero circolare.<\/span><\/b><\/p>\n<p><b>Cosa tratteremo durante il Webinar<\/b><span style=\"font-weight: 400;\">:<\/span><\/p>\n<ul>\n<li style=\"font-weight: 400;\" aria-level=\"1\"><b>La progettazione circolare<\/b><span style=\"font-weight: 400;\">: Come ripensare il design dei tuoi prodotti affinch\u00e9 siano facili da riciclare e riutilizzare.<\/span><\/li>\n<li style=\"font-weight: 400;\" aria-level=\"1\"><b>Ottimizzazione della produzione<\/b><span style=\"font-weight: 400;\">: Strategie per ridurre gli sprechi, migliorare l&#8217;efficienza e ridurre l\u2019impatto ambientale.<\/span><\/li>\n<li style=\"font-weight: 400;\" aria-level=\"1\"><b>Le nuove regole della moda<\/b><span style=\"font-weight: 400;\">: Come le recenti normative influenzeranno il tuo approccio alla sostenibilit\u00e0 e come affrontarle correttamente.<\/span><\/li>\n<li style=\"font-weight: 400;\" aria-level=\"1\"><b>I primi passi verso la circolarit\u00e0<\/b><span style=\"font-weight: 400;\">: <\/span><span style=\"font-weight: 400;\">3 azioni che puoi implementare subito<\/span><span style=\"font-weight: 400;\"> per rendere il tuo brand pi\u00f9 circolare.\u00a0<\/span><\/li>\n<\/ul>\n<p><b>Quando<\/b><span style=\"font-weight: 400;\">:<\/span><\/p>\n<p>Mercoled\u00ec 1 ottobre 2025 dalle 19:00 alle 20:30.<\/p>\n<p><b>Dove:<\/b><\/p>\n<p>Online su Zoom. Riceverai il link il giorno prima del Webinar.<\/p>\n<p><a href=\"https:\/\/dress-ecode.com\"><b>Dress ECOde<\/b><\/a> si impegna a supportare le aziende nel comprendere e adeguarsi ai cambiamenti normativi, fornendo formazione e consulenza per promuovere un approccio sostenibile ed etico nella moda.<\/p>\n","protected":false},"excerpt":{"rendered":"<h2><b>ALLINEA IL TUO BRAND A UNA MODA PI\u00d9 CIRCOLARE<\/b><\/h2>\n<p><span style=\"font-weight: 400;\">Con l\u2019introduzione delle nuove normative che entreranno in vigore gi\u00e0 da quest\u2019anno, \u00e8 essenziale che tu sia consapevole dei cambiamenti necessari per garantire che il tuo brand sia conforme. Non si tratta solo di un adeguamento legale, ma di una vera e propria <b>evoluzione<\/b> della tua attivit\u00e0 verso un futuro pi\u00f9 etico.<\/span><\/p>\n<p>Partecipa al Webinar <b>&#8220;Le Nuove Regole della Moda&#8221;, <span style=\"font-weight: 400;\">\u00a0una guida chiara su come agire per rendere il tuo brand davvero circolare!<\/span><\/b><\/p>\n","protected":false},"featured_media":19351,"comment_status":"open","ping_status":"closed","template":"","meta":[],"product_brand":[],"product_cat":[1870],"product_tag":[1872],"class_list":{"0":"post-19303","1":"product","2":"type-product","3":"status-publish","4":"has-post-thumbnail","6":"product_cat-webinar-1-biglietto","7":"product_tag-webinar","9":"first","10":"instock","11":"virtual","12":"purchasable","13":"product-type-simple"},"jetpack_sharing_enabled":true,"acf":[],"_links":{"self":[{"href":"https:\/\/dress-ecode.com\/en\/wp-json\/wp\/v2\/product\/19303","targetHints":{"allow":["GET"]}}],"collection":[{"href":"https:\/\/dress-ecode.com\/en\/wp-json\/wp\/v2\/product"}],"about":[{"href":"https:\/\/dress-ecode.com\/en\/wp-json\/wp\/v2\/types\/product"}],"replies":[{"embeddable":true,"href":"https:\/\/dress-ecode.com\/en\/wp-json\/wp\/v2\/comments?post=19303"}],"wp:featuredmedia":[{"embeddable":true,"href":"https:\/\/dress-ecode.com\/en\/wp-json\/wp\/v2\/media\/19351"}],"wp:attachment":[{"href":"https:\/\/dress-ecode.com\/en\/wp-json\/wp\/v2\/media?parent=19303"}],"wp:term":[{"taxonomy":"product_brand","embeddable":true,"href":"https:\/\/dress-ecode.com\/en\/wp-json\/wp\/v2\/product_brand?post=19303"},{"taxonomy":"product_cat","embeddable":true,"href":"https:\/\/dress-ecode.com\/en\/wp-json\/wp\/v2\/product_cat?post=19303"},{"taxonomy":"product_tag","embeddable":true,"href":"https:\/\/dress-ecode.com\/en\/wp-json\/wp\/v2\/product_tag?post=19303"}],"curies":[{"name":"wp","href":"https:\/\/api.w.org\/{rel}","templated":true}]}}